{"id":1283,"date":"2025-02-03T13:33:00","date_gmt":"2025-02-03T13:33:00","guid":{"rendered":"https:\/\/www.creatus.cloud\/?page_id=1283"},"modified":"2025-03-10T10:41:19","modified_gmt":"2025-03-10T10:41:19","slug":"home","status":"publish","type":"page","link":"https:\/\/www.creatus.cloud\/it\/","title":{"rendered":"Home"},"content":{"rendered":"","protected":false},"excerpt":{"rendered":"","protected":false},"author":2,"featured_media":0,"parent":0,"menu_order":0,"comment_status":"closed","ping_status":"closed","template":"","meta":{"_acf_changed":false,"inline_featured_image":false,"footnotes":""},"class_list":["post-1283","page","type-page","status-publish","hentry"],"acf":{"flexible_inhalte":[{"acf_fc_layout":"content_einspaltig","content_einspaltig":{"settings":{"farben":"alternativ","paddings":{"padding_oben":"bigTop","padding_unten":"mediumBottom"},"effekte":false},"ausrichtungen":{"desktop":{"text":"links"},"mobil":{"text":"links"}},"settings_einspaltig":"ganze","uberschrift":"Come ti supporta Creatus Cloud?","unteruberschrift":"","text":"Creatus Cloud \u00e8 una piattaforma IoT che ti consente di connettere in modo intelligente i tuoi dispositivi, indipendentemente dal produttore, in tutta la tua attivit\u00e0. Che si tratti della cucina, della lavanderia, dell'impianto fotovoltaico, della stazione di ricarica per auto elettriche o dell'area bar \u2013 tutto \u00e8 possibile. Fai comunicare i tuoi dispositivi per semplificare i tuoi processi di lavoro \u2013 o ancora meglio: lascia che sia la tecnologia a gestire queste attivit\u00e0. La web app intuitiva ti permette un controllo semplice e centralizzato.","button":null}},{"acf_fc_layout":"content_einspaltig","content_einspaltig":{"settings":{"farben":"normal","paddings":{"padding_oben":"mediumTop","padding_unten":"mediumBottom"},"effekte":false},"ausrichtungen":{"desktop":{"text":"zentriert"},"mobil":{"text":"zentriert"}},"settings_einspaltig":"halbe","uberschrift":"I tuoi vantaggi a colpo d'occhio","unteruberschrift":"","text":"<div style=\"padding: 56.25% 0 0 0; position: relative;\"><iframe style=\"position: absolute; top: 0; left: 7.5%; width: 85%; height: 85%;\" title=\"Creatus_Cloud_Shortcut_IT_16x9_V3\" src=\"https:\/\/player.vimeo.com\/video\/1062798602?h=ab58ea832d&amp;badge=0&amp;autopause=0&amp;player_id=0&amp;app_id=58479\" frameborder=\"0\"><\/iframe><\/div>\r\n<script src=\"https:\/\/player.vimeo.com\/api\/player.js\"><\/script>","button":null}},{"acf_fc_layout":"trenner","trenner":{"bild_desktop":35,"bild_mobil":33,"effekte":false}},{"acf_fc_layout":"content_einspaltig","content_einspaltig":{"settings":{"farben":"normal","paddings":{"padding_oben":"bigTop","padding_unten":"smallBottom"},"effekte":false},"ausrichtungen":{"desktop":{"text":"zentriert"},"mobil":{"text":"zentriert"}},"settings_einspaltig":"ganze","uberschrift":"","unteruberschrift":"","text":"<h3>Scopri la nuova generazione di tecnologia per la gastronomia \u2013 connessa, intelligente e pronta per le opportunit\u00e0 dell'Industria 5.0.<\/h3>\r\n<h3>Con CREATUS CLOUD hai tutto sotto controllo:<\/h3>","button":null}},{"acf_fc_layout":"content_vierspaltig","content_vierspaltig":{"settings":{"farben":"normal","paddings":{"padding_oben":"smallTop","padding_unten":"smallBottom"},"effekte":false},"ausrichtungen":{"desktop":{"text":"zentriert","spalteninhalt":"zentriert"},"mobil":{"spalteninhalt":"zentriert"}},"bild_icon":"icon","spalte":[{"bild":null,"titel":"Gestione dispositivi indipendente","text":"dal produttore Basta con le innumerevoli app \u2013 integriamo tutto in un unico sistema.","icon":257,"link":null},{"bild":null,"titel":"Controllo della temperatura secondo gli standard HACCP","text":"Misurazione, valutazione e documentazione automatica \u2013 conforme alla legge e senza sforzi manuali. Problemi? Il tuo team verr\u00e0 informato solo quando \u00e8 davvero necessario.","icon":251,"link":null},{"bild":null,"titel":"Costi trasparenti per energia, prodotti chimici e acqua","text":"Le valutazioni grafiche ti offrono il pieno controllo dei costi \u2013 per maggiore efficienza e competitivit\u00e0.","icon":255,"link":null},{"bild":null,"titel":"Ottimizzazione energetica efficiente","text":"Riduci gli sprechi di energia, evita picchi di carico costosi e soddisfa le crescenti esigenze di trasparenza e sostenibilit\u00e0. Abbassa i costi \u2013 automaticamente e senza perdita di comfort. Efficienza che conviene!","icon":259,"link":null},{"bild":null,"titel":"Controllo automatizzato di ventilazione, raffreddamento e altro ancora","text":"Ottimizza le operazioni con una programmazione flessibile e adattamenti basati sulle necessit\u00e0. I sistemi funzionano solo quando sono realmente necessari \u2013 per massima efficienza e costi minimi.","icon":272,"link":null},{"bild":null,"titel":"Gestione intelligente di errori e servizi","text":"I guasti vengono rilevati prima che diventino un problema. Un dispositivo difettoso? Scansiona il codice QR, accedi a tutte le informazioni e avvia il servizio con un solo clic \u2013 con descrizione del problema, posizione e contatto del tecnico.","icon":253,"link":null},{"bild":null,"titel":"Informazioni centralizzate sui dispositivi e storico","text":"Tutti i guasti passati di un dispositivo a colpo d'occhio \u2013 incluse le istruzioni operative digitali nella lingua corretta direttamente nell'app.","icon":247,"link":null},{"bild":null,"titel":"App multilingue","text":"L'intera applicazione \u00e8 disponibile in tedesco, italiano e inglese \u2013 per un utilizzo fluido in ambienti internazionali.","icon":274,"link":null},{"bild":null,"titel":"Standard di qualit\u00e0 pi\u00f9 elevati garantiti","text":"Conformit\u00e0 alle norme DIN 18875:2015-05 e DIN SPEC 18898. Questo garantisce la massima qualit\u00e0, sicurezza e compatibilit\u00e0, soddisfacendo i requisiti pi\u00f9 elevati.","icon":261,"link":null}]}},{"acf_fc_layout":"content_einspaltig","content_einspaltig":{"settings":{"farben":"normal","paddings":{"padding_oben":"smallTop","padding_unten":"bigBottom"},"effekte":false},"ausrichtungen":{"desktop":{"text":"zentriert"},"mobil":{"text":"zentriert"}},"settings_einspaltig":"ganze","uberschrift":"","unteruberschrift":"","text":"<strong>La cosa migliore:<\/strong> Tutto funziona automaticamente! Il sistema si fa sentire solo quando \u00e8 davvero necessario.","button":null}},{"acf_fc_layout":"trenner","trenner":{"bild_desktop":408,"bild_mobil":408,"effekte":false}},{"acf_fc_layout":"content_einspaltig","content_einspaltig":{"settings":{"farben":"alternativ","paddings":{"padding_oben":"bigTop","padding_unten":"smallBottom"},"effekte":false},"ausrichtungen":{"desktop":{"text":"zentriert"},"mobil":{"text":"zentriert"}},"settings_einspaltig":"ganze","uberschrift":"","unteruberschrift":"","text":"<h1>Vuole avere pi\u00f9 informazioni?<\/h1>","button":null}},{"acf_fc_layout":"bildlinks","bildlinks":{"settings":{"farben":"alternativ","paddings":{"padding_oben":"mediumTop","padding_unten":"mediumBottom"},"effekte":false},"ausrichtungen":{"desktop":{"text":"zentriert"},"mobil":{"text":"zentriert"}},"uberschrift":"","bildlink":[{"link":{"title":"Funzionalit\u00e0","url":"https:\/\/www.creatus.cloud\/it\/features\/","target":""},"bild":1620},{"link":{"title":"Chi siamo","url":"https:\/\/www.creatus.cloud\/it\/ueber-uns\/","target":""},"bild":1623},{"link":{"title":"Referenze","url":"https:\/\/www.creatus.cloud\/it\/referenzen\/","target":""},"bild":1626},{"link":{"title":"Contatti","url":"https:\/\/www.creatus.cloud\/it\/kontakt\/","target":""},"bild":1629}]}},{"acf_fc_layout":"trenner","trenner":{"bild_desktop":408,"bild_mobil":408,"effekte":false}}]},"_links":{"self":[{"href":"https:\/\/www.creatus.cloud\/it\/wp-json\/wp\/v2\/pages\/1283","targetHints":{"allow":["GET"]}}],"collection":[{"href":"https:\/\/www.creatus.cloud\/it\/wp-json\/wp\/v2\/pages"}],"about":[{"href":"https:\/\/www.creatus.cloud\/it\/wp-json\/wp\/v2\/types\/page"}],"author":[{"embeddable":true,"href":"https:\/\/www.creatus.cloud\/it\/wp-json\/wp\/v2\/users\/2"}],"replies":[{"embeddable":true,"href":"https:\/\/www.creatus.cloud\/it\/wp-json\/wp\/v2\/comments?post=1283"}],"version-history":[{"count":18,"href":"https:\/\/www.creatus.cloud\/it\/wp-json\/wp\/v2\/pages\/1283\/revisions"}],"predecessor-version":[{"id":1646,"href":"https:\/\/www.creatus.cloud\/it\/wp-json\/wp\/v2\/pages\/1283\/revisions\/1646"}],"wp:attachment":[{"href":"https:\/\/www.creatus.cloud\/it\/wp-json\/wp\/v2\/media?parent=1283"}],"curies":[{"name":"wp","href":"https:\/\/api.w.org\/{rel}","templated":true}]}}